{"id":243,"date":"2023-09-14T13:13:41","date_gmt":"2023-09-14T13:13:41","guid":{"rendered":"https:\/\/www.icavalieridizara.it\/?page_id=243"},"modified":"2026-02-18T20:45:46","modified_gmt":"2026-02-18T20:45:46","slug":"chi-siamo","status":"publish","type":"page","link":"https:\/\/www.icavalieridizara.it\/?page_id=243","title":{"rendered":"Chi siamo"},"content":{"rendered":"<p>[et_pb_section fb_built=&#8221;1&#8243; admin_label=&#8221;Header&#8221; _builder_version=&#8221;4.16&#8243; _module_preset=&#8221;default&#8221; global_colors_info=&#8221;{}&#8221;][et_pb_row _builder_version=&#8221;4.16&#8243; _module_preset=&#8221;default&#8221; custom_padding=&#8221;||0px|||&#8221; global_colors_info=&#8221;{}&#8221;][et_pb_column type=&#8221;4_4&#8243; _builder_version=&#8221;4.16&#8243; _module_preset=&#8221;default&#8221; global_colors_info=&#8221;{}&#8221;][et_pb_text _builder_version=&#8221;4.16&#8243; _module_preset=&#8221;e598b17a-9229-42f6-b238-019d6094332e&#8221; header_font=&#8221;Roboto|500|||||||&#8221; header_text_color=&#8221;#000000&#8243; header_font_size=&#8221;80px&#8221; header_line_height=&#8221;1.15em&#8221; header_font_size_tablet=&#8221;40px&#8221; header_font_size_phone=&#8221;24px&#8221; header_font_size_last_edited=&#8221;on|desktop&#8221; locked=&#8221;off&#8221; global_colors_info=&#8221;{}&#8221;]<\/p>\n<h1>Chi siamo<\/h1>\n<p>[\/et_pb_text][\/et_pb_column][\/et_pb_row][et_pb_row column_structure=&#8221;1_2,1_2&#8243; _builder_version=&#8221;4.16&#8243; _module_preset=&#8221;default&#8221; global_colors_info=&#8221;{}&#8221;][et_pb_column type=&#8221;1_2&#8243; _builder_version=&#8221;4.16&#8243; _module_preset=&#8221;default&#8221; global_colors_info=&#8221;{}&#8221;][et_pb_text _builder_version=&#8221;4.22.1&#8243; _module_preset=&#8221;7262e956-c376-4aa6-9642-c413f71527d0&#8243; text_line_height=&#8221;1.8em&#8221; header_font_size_tablet=&#8221;55px&#8221; header_font_size_last_edited=&#8221;off|desktop&#8221; locked=&#8221;off&#8221; global_colors_info=&#8221;{}&#8221;]<\/p>\n<p style=\"text-align: justify;\">\u201cC\u2019era una volta, e ci sono ancora, 7 impavidi cavalieri che, nel 2018, decisero di condividere la loro passione per le sigle dei cartoni animati con la gente del Regno. Stefano, Diego, Fabio, Alessandra, Viviana e Ivano capitanati da Plozzy (gi\u00e0 da molti anni immerso nell\u2019ambiente dei comics e in contatto con gli interpreti originali delle sigle), giurarono solenne, eterna fedelt\u00e0 a Sua Maest\u00e0 il Re, Riccardo Zara, autore delle pi\u00f9 belle sigle dell\u2019\u2019epoca insieme alla sua famiglia: I Cavalieri del Re. Ebbe cos\u00ec inizio l\u2019avventura dei live nei Comics nelle piazze e nei Pubs.<\/p>\n<p>Benvenuti e preparatevi ad un viaggio nel mondo magico dei cartoni animati con &#8220;I Cavalieri di Zara&#8221;, la Cartoon Tribute Band che vi far\u00e0 rivivere le emozioni indimenticabili delle sigle dei vostri cartoni animati preferiti, riprodotte con fedelt\u00e0 e passione come gli originali.<\/p>\n<p>Il nostro repertorio spazia dalle sigle italiane alle affascinanti melodie giapponesi degli anni &#8217;80 e &#8217;90, ma il fulcro della nostra missione \u00e8 ricreare in maniera impeccabile le sigle de &#8220;I Cavalieri del Re&#8221; di Riccardo Zara, che hanno conquistato il cuore del pubblico e del mondo della musica.<\/p>\n<p>Con una combinazione di talento musicale, dedizione e amore per le colonne sonore che hanno segnato un&#8217;epoca, I Cavalieri di Zara si impegnano a offrire performance coinvolgenti e cariche di energia, pronte a trasportarvi in un viaggio nostalgico attraverso i memorabili suoni dell&#8217;infanzia.<\/p>\n<p>Unitevi a noi per un&#8217;esperienza unica e emozionante, dove la musica e i ricordi si fondono in un connubio indimenticabile. I Cavalieri di Zara vi invitano a lasciarvi trasportare dalla magia dei cartoni animati e a vivere ogni nota con noi.<\/p>\n<p>Grazie per essere qui con noi e per condividere questa passione per la musica dei cartoni animati. Siamo pronti a regalarvi momenti di pura magia e divertimento. Ci vediamo presto!<\/p>\n<p><em>Dove la musica incontra la nostalgia, I Cavalieri di Zara vi aspettano.<\/em><\/p>\n<p>[\/et_pb_text][\/et_pb_column][et_pb_column type=&#8221;1_2&#8243; _builder_version=&#8221;4.16&#8243; _module_preset=&#8221;default&#8221; background_color=&#8221;#1F3FA8&#8243; custom_padding=&#8221;40px|30px|40px|30px|true|true&#8221; custom_padding_tablet=&#8221;&#8221; custom_padding_phone=&#8221;|20px||20px|true|true&#8221; custom_padding_last_edited=&#8221;on|phone&#8221; global_colors_info=&#8221;{}&#8221;][et_pb_text _builder_version=&#8221;4.22.1&#8243; _module_preset=&#8221;5c989a74-8649-4b9a-a4a2-6d2b8ae2551c&#8221; header_4_font=&#8221;Roboto|700||on|||||&#8221; header_4_text_color=&#8221;rgba(255,255,255,0.5)&#8221; header_4_font_size=&#8221;12px&#8221; header_4_letter_spacing=&#8221;3px&#8221; header_4_line_height=&#8221;1.5em&#8221; custom_margin=&#8221;||0px||false|false&#8221; locked=&#8221;off&#8221; global_colors_info=&#8221;{}&#8221;]<\/p>\n<h4>Manager<\/h4>\n<p>[\/et_pb_text][et_pb_text _builder_version=&#8221;4.22.1&#8243; _module_preset=&#8221;c2a3d585-c259-4e5a-8faa-710c0e634348&#8243; text_font=&#8221;Roboto|500|||||||&#8221; text_text_color=&#8221;#FFFFFF&#8221; text_font_size=&#8221;16px&#8221; text_line_height=&#8221;1.6em&#8221; header_5_text_color=&#8221;#FFFFFF&#8221; header_5_line_height=&#8221;1.8em&#8221; text_font_size_tablet=&#8221;15px&#8221; text_font_size_phone=&#8221;14px&#8221; text_font_size_last_edited=&#8221;on|desktop&#8221; header_font_size_tablet=&#8221;55px&#8221; header_font_size_last_edited=&#8221;off|desktop&#8221; locked=&#8221;off&#8221; global_colors_info=&#8221;{}&#8221;]<\/p>\n<p>Ivano Voghera<\/p>\n<p>[\/et_pb_text][et_pb_text _builder_version=&#8221;4.16&#8243; _module_preset=&#8221;5c989a74-8649-4b9a-a4a2-6d2b8ae2551c&#8221; header_4_font=&#8221;Roboto|700||on|||||&#8221; header_4_text_color=&#8221;rgba(255,255,255,0.5)&#8221; header_4_font_size=&#8221;12px&#8221; header_4_letter_spacing=&#8221;3px&#8221; header_4_line_height=&#8221;1.5em&#8221; custom_margin=&#8221;||0px||false|false&#8221; locked=&#8221;off&#8221; global_colors_info=&#8221;{}&#8221;]<\/p>\n<h4>Email<\/h4>\n<p>[\/et_pb_text][et_pb_text _builder_version=&#8221;4.22.1&#8243; _module_preset=&#8221;c2a3d585-c259-4e5a-8faa-710c0e634348&#8243; text_font=&#8221;Roboto|500|||||||&#8221; text_text_color=&#8221;#FFFFFF&#8221; text_font_size=&#8221;16px&#8221; text_line_height=&#8221;1.6em&#8221; link_text_color=&#8221;#FFFFFF&#8221; header_5_text_color=&#8221;#FFFFFF&#8221; header_5_line_height=&#8221;1.8em&#8221; text_font_size_tablet=&#8221;15px&#8221; text_font_size_phone=&#8221;14px&#8221; text_font_size_last_edited=&#8221;on|desktop&#8221; header_font_size_tablet=&#8221;55px&#8221; header_font_size_last_edited=&#8221;off|desktop&#8221; locked=&#8221;off&#8221; global_colors_info=&#8221;{}&#8221;]<\/p>\n<p>info@icavalieridizara.it<\/p>\n<p>[\/et_pb_text][\/et_pb_column][\/et_pb_row][\/et_pb_section][et_pb_section fb_built=&#8221;1&#8243; admin_label=&#8221;Team&#8221; _builder_version=&#8221;4.16&#8243; _module_preset=&#8221;default&#8221; global_colors_info=&#8221;{}&#8221;][et_pb_row _builder_version=&#8221;4.27.5&#8243; _module_preset=&#8221;default&#8221; global_colors_info=&#8221;{}&#8221;][et_pb_column type=&#8221;4_4&#8243; _builder_version=&#8221;4.27.5&#8243; _module_preset=&#8221;default&#8221; global_colors_info=&#8221;{}&#8221;][et_pb_text _builder_version=&#8221;4.27.5&#8243; _module_preset=&#8221;default&#8221; global_colors_info=&#8221;{}&#8221;]<\/p>\n<h2 style=\"text-align: center;\">LA FORMAZIONE<\/h2>\n<p>[\/et_pb_text][\/et_pb_column][\/et_pb_row][et_pb_row column_structure=&#8221;1_4,1_4,1_4,1_4&#8243; _builder_version=&#8221;4.16&#8243; _module_preset=&#8221;default&#8221; global_colors_info=&#8221;{}&#8221;][et_pb_column type=&#8221;1_4&#8243; _builder_version=&#8221;4.16&#8243; _module_preset=&#8221;default&#8221; global_colors_info=&#8221;{}&#8221;][et_pb_team_member name=&#8221;Viviana Civitella&#8221; position=&#8221;Cantante&#8221; image_url=&#8221;https:\/\/www.icavalieridizara.it\/wp-content\/uploads\/2023\/09\/msg-525179993-23781.jpg&#8221; _builder_version=&#8221;4.22.1&#8243; _module_preset=&#8221;default&#8221; header_font=&#8221;Roboto||||||||&#8221; header_font_size=&#8221;16px&#8221; body_link_font=&#8221;||||on||||&#8221; body_link_text_color=&#8221;#F7827E&#8221; text_orientation=&#8221;center&#8221; global_colors_info=&#8221;{}&#8221;][\/et_pb_team_member][\/et_pb_column][et_pb_column type=&#8221;1_4&#8243; _builder_version=&#8221;4.16&#8243; _module_preset=&#8221;default&#8221; global_colors_info=&#8221;{}&#8221;][et_pb_team_member name=&#8221;Fabio Plozner (Plozzy)&#8221; position=&#8221;Cantante &#8211; Chitarra Classica&#8221; image_url=&#8221;https:\/\/www.icavalieridizara.it\/wp-content\/uploads\/2023\/09\/msg-525179993-23771.jpg&#8221; _builder_version=&#8221;4.22.1&#8243; _module_preset=&#8221;default&#8221; header_font=&#8221;Roboto||||||||&#8221; header_font_size=&#8221;16px&#8221; body_link_font=&#8221;||||on||||&#8221; body_link_text_color=&#8221;#F7827E&#8221; text_orientation=&#8221;center&#8221; locked=&#8221;off&#8221; global_colors_info=&#8221;{}&#8221;][\/et_pb_team_member][\/et_pb_column][et_pb_column type=&#8221;1_4&#8243; _builder_version=&#8221;4.16&#8243; _module_preset=&#8221;default&#8221; global_colors_info=&#8221;{}&#8221;][et_pb_team_member name=&#8221;Alessandra Barbero&#8221; position=&#8221;Basso&#8221; image_url=&#8221;https:\/\/www.icavalieridizara.it\/wp-content\/uploads\/2023\/09\/msg-525179993-23772.jpg&#8221; _builder_version=&#8221;4.22.1&#8243; _module_preset=&#8221;default&#8221; header_font=&#8221;Roboto||||||||&#8221; header_font_size=&#8221;16px&#8221; body_link_font=&#8221;||||on||||&#8221; body_link_text_color=&#8221;#F7827E&#8221; text_orientation=&#8221;center&#8221; locked=&#8221;off&#8221; global_colors_info=&#8221;{}&#8221;][\/et_pb_team_member][\/et_pb_column][et_pb_column type=&#8221;1_4&#8243; _builder_version=&#8221;4.16&#8243; _module_preset=&#8221;default&#8221; global_colors_info=&#8221;{}&#8221;][et_pb_team_member name=&#8221;Stefano Stivanello&#8221; position=&#8221;Batterista&#8221; image_url=&#8221;https:\/\/www.icavalieridizara.it\/wp-content\/uploads\/2023\/09\/msg-525179993-23746.jpg&#8221; _builder_version=&#8221;4.22.1&#8243; _module_preset=&#8221;default&#8221; header_font=&#8221;Roboto||||||||&#8221; header_font_size=&#8221;16px&#8221; body_link_font=&#8221;||||on||||&#8221; body_link_text_color=&#8221;#F7827E&#8221; text_orientation=&#8221;center&#8221; locked=&#8221;off&#8221; global_colors_info=&#8221;{}&#8221;][\/et_pb_team_member][\/et_pb_column][\/et_pb_row][et_pb_row column_structure=&#8221;1_4,1_4,1_4,1_4&#8243; _builder_version=&#8221;4.16&#8243; _module_preset=&#8221;default&#8221; global_colors_info=&#8221;{}&#8221;][et_pb_column type=&#8221;1_4&#8243; _builder_version=&#8221;4.16&#8243; _module_preset=&#8221;default&#8221; global_colors_info=&#8221;{}&#8221;][et_pb_team_member name=&#8221;Diego Brusati&#8221; position=&#8221;Guitar&#8221; image_url=&#8221;https:\/\/www.icavalieridizara.it\/wp-content\/uploads\/2023\/09\/msg-525179993-23752.jpg&#8221; _builder_version=&#8221;4.22.1&#8243; _module_preset=&#8221;default&#8221; header_font=&#8221;Roboto||||||||&#8221; header_font_size=&#8221;16px&#8221; body_link_font=&#8221;||||on||||&#8221; body_link_text_color=&#8221;#F7827E&#8221; text_orientation=&#8221;center&#8221; global_colors_info=&#8221;{}&#8221;][\/et_pb_team_member][\/et_pb_column][et_pb_column type=&#8221;1_4&#8243; _builder_version=&#8221;4.16&#8243; _module_preset=&#8221;default&#8221; global_colors_info=&#8221;{}&#8221;][et_pb_team_member name=&#8221;Fabio Lasdi&#8221; position=&#8221;Tastiere&#8221; image_url=&#8221;https:\/\/www.icavalieridizara.it\/wp-content\/uploads\/2023\/09\/msg-525179993-23912-1.jpg&#8221; _builder_version=&#8221;4.22.1&#8243; _module_preset=&#8221;default&#8221; header_font=&#8221;Roboto||||||||&#8221; header_font_size=&#8221;16px&#8221; body_link_font=&#8221;||||on||||&#8221; body_link_text_color=&#8221;#F7827E&#8221; text_orientation=&#8221;center&#8221; locked=&#8221;off&#8221; global_colors_info=&#8221;{}&#8221;][\/et_pb_team_member][\/et_pb_column][et_pb_column type=&#8221;1_4&#8243; _builder_version=&#8221;4.16&#8243; _module_preset=&#8221;default&#8221; global_colors_info=&#8221;{}&#8221;][et_pb_team_member name=&#8221;Ivano Voghera&#8221; position=&#8221;Luci, video e gestione&#8221; image_url=&#8221;https:\/\/www.icavalieridizara.it\/wp-content\/uploads\/2023\/09\/461DAD94-638A-4C88-A2E3-B26E21A2803B-1.jpg&#8221; _builder_version=&#8221;4.27.5&#8243; _module_preset=&#8221;default&#8221; header_font=&#8221;Roboto||||||||&#8221; header_font_size=&#8221;16px&#8221; body_link_font=&#8221;||||on||||&#8221; body_link_text_color=&#8221;#F7827E&#8221; text_orientation=&#8221;center&#8221; locked=&#8221;off&#8221; global_colors_info=&#8221;{}&#8221;][\/et_pb_team_member][\/et_pb_column][et_pb_column type=&#8221;1_4&#8243; _builder_version=&#8221;4.16&#8243; _module_preset=&#8221;default&#8221; global_colors_info=&#8221;{}&#8221;][\/et_pb_column][\/et_pb_row][\/et_pb_section][et_pb_section fb_built=&#8221;1&#8243; _builder_version=&#8221;4.27.0&#8243; _module_preset=&#8221;default&#8221; global_colors_info=&#8221;{}&#8221;][et_pb_row _builder_version=&#8221;4.27.0&#8243; _module_preset=&#8221;default&#8221; global_colors_info=&#8221;{}&#8221;][et_pb_column type=&#8221;4_4&#8243; _builder_version=&#8221;4.27.0&#8243; _module_preset=&#8221;default&#8221; global_colors_info=&#8221;{}&#8221;][et_pb_text _builder_version=&#8221;4.27.0&#8243; _module_preset=&#8221;default&#8221; global_colors_info=&#8221;{}&#8221;]<\/p>\n<h2><strong>CV BAND<\/strong><\/h2>\n<p>\u2022 <strong>Fabio Plozner<\/strong>: Voce maschile e chitarra acustica, inizia gli studi nel lontano \u201994 , che lo portano ad esibirsi nei<br \/>locali pi\u00f9 noti del territorio piemontese. Si iscrive alla S.I.A.E. come melodista non trascrittore e concorsi per<br \/>canzoni inedite. Diversi i provini nei talent televisivi pi\u00f9 seguiti: X-factor, The Voice, Italia\u2019s got talent nonch\u00e9<br \/>per opere popolari come: Notre dame de Paris di Cocciante, Giulietta e Romeo di Cocciante, Dracula Opera<br \/>Rock della PFM.<br \/>\u2022 <strong>Viviana Civitella<\/strong>: Voce femminile, formazione da soprano leggero ed esibizione lirica sul palco del Teatro San<br \/>Carlo di Napoli, con l\u2019Accademia Stefano Tempia di Torino al Festival Mi.To. Corista Gospel \u201cThe Bluegospel<br \/>Singers Choir\u201d e nel musical \u201cIl Sogno di Walt\u201d interpretando le pi\u00f9 famose principesse Disney. Si esibisce<br \/>anche con un duo in cui \u00e8 voce e accompagnamento al piano.<br \/>\u2022 <strong>Fabio Lasdica:<\/strong> Tastiere e voce corista maschile, inizia gli studi del pianoforte all\u2019et\u00e0 di 4 anni, sotto la guida<br \/>del Maestro Bruno Dal Pozzolo, che lo preparer\u00e0 a sostenere gli esami al conservatorio e con il quale<br \/>proseguir\u00e0 gli studi classici fino alla maggiore et\u00e0 conseguendo il Diploma di Pianoforte. Diverse le sue<br \/>collaborazioni musicali con svariate band e generi musicali.<br \/>\u2022 <strong>Alessandra Barbero<\/strong>: Basso e voce corista femminile, inizia gli studi di chitarra classica presso la scuola Suzuki<br \/>di Saluzzo, proseguendo presso l\u2019Istituto Civico Musicale, per poi intraprendere una formazione di basso<br \/>elettrico jazz-funk dal docente privato Carlo Revello. Diverse le collaborazioni musicali di diverso genere.<br \/>\u2022 <strong>Diego Brusati<\/strong>: Chitarra elettrica e voce corista maschile, inizia gli studi di chitarra Jazz nel 1982 presso Maestro<br \/>Mario Petrarca, prosegue con la chitarra moderna con Maestro Andrea Braido e chitarra classica nel 1995 con<br \/>Maestro Mario Gullo. Numerose le collaborazioni musicali con varie band spaziando nei vari generi rock\/pop<br \/>e dance.<br \/>\u2022 <strong>Stefano Stivanello<\/strong>: Batteria, intraprende gli studi con Maestro privato all\u2019et\u00e0 di 4 anni, per poi iniziare ad<br \/>esibirsi con diverse band gi\u00e0 a 13 anni spaziando tra generi rock, pop e inediti. Ambizioso e determinato nel<br \/>voler migliorare la sua tecnica continua le lezioni private presso Il Maestro batterista percussionista Carlo<br \/>Bellotti.<br \/>\u2022 <strong>Ivano Voghera<\/strong>: tecnico video, da pi\u00f9 di 30 anni esperienza come tecnico audio-video per spettacoli musicali<br \/>e teatrali con il Teatro Studio di Torino e attualmente con la Compagnia I Retroscena. Vanta collaborazioni<br \/>con registi come Gabriele Vacis ed Eugenio Allegri. Si occupa di video mapping per diverse compagnie teatrali<br \/>e band musicali del Piemonte, inoltre si occupa di tutta la parte di editing video e regia video durante l\u2019evento.<\/p>\n<p>[\/et_pb_text][\/et_pb_column][\/et_pb_row][\/et_pb_section]<\/p>\n","protected":false},"excerpt":{"rendered":"<p>Chi siamo\u201cC\u2019era una volta, e ci sono ancora, 7 impavidi cavalieri che, nel 2018, decisero di condividere la loro passione per le sigle dei cartoni animati con la gente del Regno. Stefano, Diego, Fabio, Alessandra, Viviana e Ivano capitanati da Plozzy (gi\u00e0 da molti anni immerso nell\u2019ambiente dei comics e in contatto con gli interpreti [&hellip;]<\/p>\n","protected":false},"author":1,"featured_media":0,"parent":0,"menu_order":0,"comment_status":"closed","ping_status":"closed","template":"","meta":{"_et_pb_use_builder":"on","_et_pb_old_content":"","_et_gb_content_width":"","footnotes":""},"class_list":["post-243","page","type-page","status-publish","hentry"],"_links":{"self":[{"href":"https:\/\/www.icavalieridizara.it\/index.php?rest_route=\/wp\/v2\/pages\/243","targetHints":{"allow":["GET"]}}],"collection":[{"href":"https:\/\/www.icavalieridizara.it\/index.php?rest_route=\/wp\/v2\/pages"}],"about":[{"href":"https:\/\/www.icavalieridizara.it\/index.php?rest_route=\/wp\/v2\/types\/page"}],"author":[{"embeddable":true,"href":"https:\/\/www.icavalieridizara.it\/index.php?rest_route=\/wp\/v2\/users\/1"}],"replies":[{"embeddable":true,"href":"https:\/\/www.icavalieridizara.it\/index.php?rest_route=%2Fwp%2Fv2%2Fcomments&post=243"}],"version-history":[{"count":8,"href":"https:\/\/www.icavalieridizara.it\/index.php?rest_route=\/wp\/v2\/pages\/243\/revisions"}],"predecessor-version":[{"id":641,"href":"https:\/\/www.icavalieridizara.it\/index.php?rest_route=\/wp\/v2\/pages\/243\/revisions\/641"}],"wp:attachment":[{"href":"https:\/\/www.icavalieridizara.it\/index.php?rest_route=%2Fwp%2Fv2%2Fmedia&parent=243"}],"curies":[{"name":"wp","href":"https:\/\/api.w.org\/{rel}","templated":true}]}}